{"id":174,"date":"2017-07-07T22:24:29","date_gmt":"2017-07-08T04:24:29","guid":{"rendered":"http:\/\/www.salonbigben.com\/mx\/?page_id=174"},"modified":"2021-09-28T16:55:13","modified_gmt":"2021-09-28T22:55:13","slug":"contactanos","status":"publish","type":"page","link":"https:\/\/www.salonbigben.com\/mx\/contactanos\/","title":{"rendered":"Cont\u00e1ctanos"},"content":{"rendered":"<p>[fusion_builder_container hundred_percent=&#8221;no&#8221; equal_height_columns=&#8221;no&#8221; menu_anchor=&#8221;&#8221; hide_on_mobile=&#8221;small-visibility,medium-visibility,large-visibility&#8221; class=&#8221;&#8221; id=&#8221;&#8221; background_color=&#8221;&#8221; background_image=&#8221;&#8221; background_position=&#8221;center center&#8221; background_repeat=&#8221;no-repeat&#8221; fade=&#8221;no&#8221; background_parallax=&#8221;none&#8221; enable_mobile=&#8221;no&#8221; parallax_speed=&#8221;0.3&#8243; video_mp4=&#8221;&#8221; video_webm=&#8221;&#8221; video_ogv=&#8221;&#8221; video_url=&#8221;&#8221; video_aspect_ratio=&#8221;16:9&#8243; video_loop=&#8221;yes&#8221; video_mute=&#8221;yes&#8221; video_preview_image=&#8221;&#8221; border_size=&#8221;&#8221; border_color=&#8221;&#8221; border_style=&#8221;solid&#8221; margin_top=&#8221;&#8221; margin_bottom=&#8221;&#8221; padding_top=&#8221;&#8221; padding_right=&#8221;&#8221; padding_bottom=&#8221;&#8221; padding_left=&#8221;&#8221;][fusion_builder_row][fusion_builder_column type=&#8221;1_1&#8243; layout=&#8221;1_1&#8243; spacing=&#8221;&#8221; center_content=&#8221;no&#8221; hover_type=&#8221;none&#8221; link=&#8221;&#8221; min_height=&#8221;&#8221; hide_on_mobile=&#8221;small-visibility,medium-visibility,large-visibility&#8221; class=&#8221;&#8221; id=&#8221;&#8221; background_color=&#8221;&#8221; background_image=&#8221;&#8221; background_position=&#8221;left top&#8221; background_repeat=&#8221;no-repeat&#8221; border_size=&#8221;0&#8243; border_color=&#8221;&#8221; border_style=&#8221;solid&#8221; border_position=&#8221;all&#8221; padding=&#8221;&#8221; dimension_margin=&#8221;&#8221; animation_type=&#8221;&#8221; animation_direction=&#8221;left&#8221; animation_speed=&#8221;0.3&#8243; animation_offset=&#8221;&#8221; last=&#8221;no&#8221;][fusion_text]<\/p>\n<p>[hmapsprem id=1]<\/p>\n<p>[\/fusion_text][\/fusion_builder_column][\/fusion_builder_row][\/fusion_builder_container][fusion_builder_container hundred_percent=&#8221;no&#8221; equal_height_columns=&#8221;no&#8221; menu_anchor=&#8221;&#8221; hide_on_mobile=&#8221;small-visibility,medium-visibility,large-visibility&#8221; class=&#8221;&#8221; id=&#8221;&#8221; background_color=&#8221;&#8221; background_image=&#8221;&#8221; background_position=&#8221;center center&#8221; background_repeat=&#8221;no-repeat&#8221; fade=&#8221;no&#8221; background_parallax=&#8221;none&#8221; enable_mobile=&#8221;no&#8221; parallax_speed=&#8221;0.3&#8243; video_mp4=&#8221;&#8221; video_webm=&#8221;&#8221; video_ogv=&#8221;&#8221; video_url=&#8221;&#8221; video_aspect_ratio=&#8221;16:9&#8243; video_loop=&#8221;yes&#8221; video_mute=&#8221;yes&#8221; video_preview_image=&#8221;&#8221; border_size=&#8221;&#8221; border_color=&#8221;&#8221; border_style=&#8221;solid&#8221; margin_top=&#8221;&#8221; margin_bottom=&#8221;&#8221; padding_top=&#8221;&#8221; padding_right=&#8221;&#8221; padding_bottom=&#8221;&#8221; padding_left=&#8221;&#8221;][fusion_builder_row][fusion_builder_column type=&#8221;1_1&#8243; layout=&#8221;1_1&#8243; spacing=&#8221;&#8221; center_content=&#8221;no&#8221; hover_type=&#8221;none&#8221; link=&#8221;&#8221; min_height=&#8221;&#8221; hide_on_mobile=&#8221;small-visibility,medium-visibility,large-visibility&#8221; class=&#8221;&#8221; id=&#8221;&#8221; background_color=&#8221;&#8221; background_image=&#8221;&#8221; background_position=&#8221;left top&#8221; background_repeat=&#8221;no-repeat&#8221; border_size=&#8221;0&#8243; border_color=&#8221;&#8221; border_style=&#8221;solid&#8221; border_position=&#8221;all&#8221; padding=&#8221;&#8221; dimension_margin=&#8221;&#8221; animation_type=&#8221;&#8221; animation_direction=&#8221;left&#8221; animation_speed=&#8221;0.3&#8243; animation_offset=&#8221;&#8221; last=&#8221;no&#8221;][fusion_tagline_box backgroundcolor=&#8221;&#8221; shadow=&#8221;no&#8221; shadowopacity=&#8221;0.7&#8243; border=&#8221;1&#8243; bordercolor=&#8221;&#8221; highlightposition=&#8221;top&#8221; content_alignment=&#8221;center&#8221; link=&#8221;&#8221; button=&#8221;&#8221; linktarget=&#8221;_self&#8221; modal=&#8221;&#8221; button_size=&#8221;&#8221; button_type=&#8221;&#8221; button_shape=&#8221;&#8221; buttoncolor=&#8221;default&#8221; title=&#8221;Tel\u00e9fonos: 555379-3987<br \/>\nEmail: ventas@salonbigben.com&#8221; description=&#8221;&#8221; margin_top=&#8221;&#8221; margin_bottom=&#8221;&#8221; hide_on_mobile=&#8221;small-visibility,medium-visibility,large-visibility&#8221; class=&#8221;&#8221; id=&#8221;&#8221; animation_type=&#8221;&#8221; animation_direction=&#8221;left&#8221; animation_speed=&#8221;0.3&#8243; animation_offset=&#8221;&#8221;]<\/p>\n<p><strong>Direcci\u00f3n:<\/strong>\u00a0Cerro de las Campanas 3, San Andres Atenco, 54040 Tlalnepantla, MEX<\/p>\n<p>[\/fusion_tagline_box][\/fusion_builder_column][\/fusion_builder_row][\/fusion_builder_container][fusion_builder_container hundred_percent=&#8221;no&#8221; equal_height_columns=&#8221;no&#8221; menu_anchor=&#8221;&#8221; hide_on_mobile=&#8221;small-visibility,medium-visibility,large-visibility&#8221; class=&#8221;&#8221; id=&#8221;&#8221; background_color=&#8221;&#8221; background_image=&#8221;&#8221; background_position=&#8221;center center&#8221; background_repeat=&#8221;no-repeat&#8221; fade=&#8221;no&#8221; background_parallax=&#8221;none&#8221; enable_mobile=&#8221;no&#8221; parallax_speed=&#8221;0.3&#8243; video_mp4=&#8221;&#8221; video_webm=&#8221;&#8221; video_ogv=&#8221;&#8221; video_url=&#8221;&#8221; video_aspect_ratio=&#8221;16:9&#8243; video_loop=&#8221;yes&#8221; video_mute=&#8221;yes&#8221; video_preview_image=&#8221;&#8221; border_size=&#8221;&#8221; border_color=&#8221;&#8221; border_style=&#8221;solid&#8221; margin_top=&#8221;&#8221; margin_bottom=&#8221;&#8221; padding_top=&#8221;&#8221; padding_right=&#8221;&#8221; padding_bottom=&#8221;&#8221; padding_left=&#8221;&#8221;][fusion_builder_row][fusion_builder_column type=&#8221;1_2&#8243; layout=&#8221;1_2&#8243; spacing=&#8221;&#8221; center_content=&#8221;no&#8221; hover_type=&#8221;none&#8221; link=&#8221;&#8221; min_height=&#8221;&#8221; hide_on_mobile=&#8221;small-visibility,medium-visibility,large-visibility&#8221; class=&#8221;&#8221; id=&#8221;&#8221; background_color=&#8221;&#8221; background_image=&#8221;&#8221; background_position=&#8221;left top&#8221; background_repeat=&#8221;no-repeat&#8221; border_size=&#8221;0&#8243; border_color=&#8221;&#8221; border_style=&#8221;solid&#8221; border_position=&#8221;all&#8221; padding=&#8221;&#8221; dimension_margin=&#8221;&#8221; animation_type=&#8221;&#8221; animation_direction=&#8221;left&#8221; animation_speed=&#8221;0.3&#8243; animation_offset=&#8221;&#8221; last=&#8221;no&#8221;][fusion_separator style_type=&#8221;none&#8221; hide_on_mobile=&#8221;small-visibility,medium-visibility,large-visibility&#8221; class=&#8221;&#8221; id=&#8221;&#8221; sep_color=&#8221;&#8221; top_margin=&#8221;&#8221; bottom_margin=&#8221;&#8221; border_size=&#8221;&#8221; icon=&#8221;&#8221; icon_circle=&#8221;&#8221; icon_circle_color=&#8221;&#8221; width=&#8221;&#8221; alignment=&#8221;center&#8221; \/][fusion_imageframe image_id=&#8221;176&#8243; style_type=&#8221;none&#8221; stylecolor=&#8221;&#8221; hover_type=&#8221;none&#8221; bordersize=&#8221;&#8221; bordercolor=&#8221;&#8221; borderradius=&#8221;&#8221; align=&#8221;none&#8221; lightbox=&#8221;no&#8221; gallery_id=&#8221;&#8221; lightbox_image=&#8221;&#8221; alt=&#8221;&#8221; link=&#8221;&#8221; linktarget=&#8221;_self&#8221; hide_on_mobile=&#8221;small-visibility,medium-visibility,large-visibility&#8221; class=&#8221;&#8221; id=&#8221;&#8221; animation_type=&#8221;&#8221; animation_direction=&#8221;left&#8221; animation_speed=&#8221;0.3&#8243; animation_offset=&#8221;&#8221;]http:\/\/www.salonbigben.com\/mx\/wp-content\/uploads\/2017\/07\/fotoContacto.jpg[\/fusion_imageframe][\/fusion_builder_column][fusion_builder_column type=&#8221;1_2&#8243; layout=&#8221;1_2&#8243; spacing=&#8221;&#8221; center_content=&#8221;no&#8221; hover_type=&#8221;none&#8221; link=&#8221;&#8221; min_height=&#8221;&#8221; hide_on_mobile=&#8221;small-visibility,medium-visibility,large-visibility&#8221; class=&#8221;&#8221; id=&#8221;&#8221; background_color=&#8221;&#8221; background_image=&#8221;&#8221; background_position=&#8221;left top&#8221; undefined=&#8221;&#8221; background_repeat=&#8221;no-repeat&#8221; border_size=&#8221;0&#8243; border_color=&#8221;&#8221; border_style=&#8221;solid&#8221; border_position=&#8221;all&#8221; padding=&#8221;&#8221; margin_top=&#8221;&#8221; margin_bottom=&#8221;&#8221; animation_type=&#8221;&#8221; animation_direction=&#8221;left&#8221; animation_speed=&#8221;0.3&#8243; animation_offset=&#8221;&#8221; last=&#8221;no&#8221;][fusion_text]<\/p>\n<p>[\/fusion_text][fusion_button link=&#8221;&#8221; title=&#8221;&#8221; target=&#8221;_self&#8221; alignment=&#8221;left&#8221; modal=&#8221;aviso&#8221; hide_on_mobile=&#8221;small-visibility,medium-visibility,large-visibility&#8221; class=&#8221;&#8221; id=&#8221;&#8221; color=&#8221;custom&#8221; button_gradient_top_color=&#8221;#ffffff&#8221; button_gradient_bottom_color=&#8221;#ffffff&#8221; button_gradient_top_color_hover=&#8221;#ffffff&#8221; button_gradient_bottom_color_hover=&#8221;#ffffff&#8221; accent_color=&#8221;#383838&#8243; accent_hover_color=&#8221;#383838&#8243; type=&#8221;flat&#8221; bevel_color=&#8221;&#8221; border_width=&#8221;&#8221; size=&#8221;small&#8221; stretch=&#8221;default&#8221; shape=&#8221;square&#8221; icon=&#8221;fa-search&#8221; icon_position=&#8221;left&#8221; icon_divider=&#8221;no&#8221; animation_type=&#8221;&#8221; animation_direction=&#8221;left&#8221; animation_speed=&#8221;0.3&#8243; animation_offset=&#8221;&#8221;]Aviso de Privacidad[\/fusion_button][\/fusion_builder_column][\/fusion_builder_row][\/fusion_builder_container][fusion_builder_container hundred_percent=&#8221;no&#8221; equal_height_columns=&#8221;no&#8221; menu_anchor=&#8221;&#8221; hide_on_mobile=&#8221;small-visibility,medium-visibility,large-visibility&#8221; class=&#8221;&#8221; id=&#8221;&#8221; background_color=&#8221;&#8221; background_image=&#8221;&#8221; background_position=&#8221;center center&#8221; background_repeat=&#8221;no-repeat&#8221; fade=&#8221;no&#8221; background_parallax=&#8221;none&#8221; enable_mobile=&#8221;no&#8221; parallax_speed=&#8221;0.3&#8243; video_mp4=&#8221;&#8221; video_webm=&#8221;&#8221; video_ogv=&#8221;&#8221; video_url=&#8221;&#8221; video_aspect_ratio=&#8221;16:9&#8243; video_loop=&#8221;yes&#8221; video_mute=&#8221;yes&#8221; video_preview_image=&#8221;&#8221; border_size=&#8221;&#8221; border_color=&#8221;&#8221; border_style=&#8221;solid&#8221; margin_top=&#8221;&#8221; margin_bottom=&#8221;&#8221; padding_top=&#8221;&#8221; padding_right=&#8221;&#8221; padding_bottom=&#8221;&#8221; padding_left=&#8221;&#8221;][fusion_builder_row][fusion_builder_column type=&#8221;1_1&#8243; layout=&#8221;1_1&#8243; spacing=&#8221;&#8221; center_content=&#8221;no&#8221; hover_type=&#8221;none&#8221; link=&#8221;&#8221; min_height=&#8221;&#8221; hide_on_mobile=&#8221;small-visibility,medium-visibility,large-visibility&#8221; class=&#8221;&#8221; id=&#8221;&#8221; background_color=&#8221;&#8221; background_image=&#8221;&#8221; background_position=&#8221;left top&#8221; background_repeat=&#8221;no-repeat&#8221; border_size=&#8221;0&#8243; border_color=&#8221;&#8221; border_style=&#8221;solid&#8221; border_position=&#8221;all&#8221; padding=&#8221;&#8221; dimension_margin=&#8221;&#8221; animation_type=&#8221;&#8221; animation_direction=&#8221;left&#8221; animation_speed=&#8221;0.3&#8243; animation_offset=&#8221;&#8221; last=&#8221;no&#8221;][fusion_modal name=&#8221;aviso&#8221; title=&#8221;Aviso de Privacidad&#8221; size=&#8221;large&#8221; background=&#8221;&#8221; border_color=&#8221;&#8221; show_footer=&#8221;yes&#8221; class=&#8221;&#8221; id=&#8221;&#8221;]<\/p>\n<p>De acuerdo a lo previsto en la ley federal de protecci\u00f3n de datos personales, declara\u00a0a Arturo Federico Rabasa Robles, ser una empresa legalmente constituida de conformidad por las leyes mexicanas, con domicilio en\u00a0Cerro de las Campanas N\u00ba3 Piso 6 Col. San Andr\u00e9s Atenco, C\u00f3digo Postal 54040, Tlalnepantla, Estado de M\u00e9xico, M\u00e9xico\u00a0y como responsable del tratamiento de sus datos personales, hace de su conocimiento que la informaci\u00f3n de nuestros socios es tratada de forma estrictamente confidencial por lo que al proporcionar sus datos personales, tales como:<\/p>\n<p>\u2013 Nombre completo<br \/>\n\u2013 Direcci\u00f3n<br \/>\n\u2013 Registro Federal de Contribuyentes (RFC)<br \/>\n\u2013 Tel\u00e9fonos de hogar, oficina y m\u00f3viles<br \/>\n\u2013 Correo electr\u00f3nico<br \/>\n\u2013 Datos personales acad\u00e9micos<br \/>\n\u2013 Datos personales laborales<br \/>\n\u2013 Datos personales de terceros<br \/>\n\u2013 Datos personales de salud<\/p>\n<p>Estos ser\u00e1n utilizados \u00fanica y exclusivamente para los siguientes fines:<\/p>\n<p>\u2013 Para el control interno, integraci\u00f3n de expedientes y dem\u00e1s relacionados<br \/>\n\u2013 Informaci\u00f3n y prestaci\u00f3n de servicios<br \/>\n\u2013 Manejo y Actualizaci\u00f3n de base de datos<br \/>\n\u2013 Para enviar estados de cuenta, semanales, mensuales y anuales<br \/>\n\u2013 Avisos informativos y dem\u00e1s relacionados<\/p>\n<p>En el caso de datos sensibles tales como:<\/p>\n<p>\u2013 Datos financieros (ingresos, estados de cuenta y dem\u00e1s relacionados)<br \/>\n\u2013 Datos patrimoniales (bienes materiales, bienes y dem\u00e1s relacionados)<br \/>\n\u2013 Datos personales (c\u00f3nyuge, estado civil, nacionalidad, educaci\u00f3n. hijos y dem\u00e1s relacionados)<br \/>\n\u2013 Referencias familiares y no familiares (nombre, direcci\u00f3n, tel\u00e9fono, relaci\u00f3n etc.)<\/p>\n<p>Estos ser\u00e1n utilizados \u00fanica y exclusivamente para los siguientes fines:<\/p>\n<p>\u2013 Obtenci\u00f3n de informaci\u00f3n moral, nivel socioecon\u00f3mico y financiero<br \/>\n\u2013 Para la autorizaci\u00f3n o aprobaci\u00f3n de altas, as\u00ed como de bajas de socios y dem\u00e1s relacionados<\/p>\n<p>Para prevenir el acceso no autorizado a sus datos personales y con el fin de asegurar que la informaci\u00f3n sea utilizada para los fines establecidos en este aviso de privacidad, hemos establecido diversos procedimientos con la finalidad de evitar el uso o divulgaci\u00f3n no autorizados de sus datos, permiti\u00e9ndonos tratarlos debidamente.<\/p>\n<p>Para cumplir las finalidades necesarias anteriormente descritas u otras aquellas exigidas legalmente por las autoridades competentes,\u00a0SAL\u00d3N BIG BEN\u00a0solo transferir\u00e1 los datos necesarios en los casos legalmente previstos.<\/p>\n<p>Le informamos que dicha transferencia no requiere de su conocimiento conforme a las normas del\u00a0SAL\u00d3N BIG BEN.<\/p>\n<p>Todos sus datos personales son tratados de acuerdo a legislaci\u00f3n aplicable y vigente en el pa\u00eds, por ello le informamos que usted tiene en todo momento los derechos (ARCO), de acceder, rectificar, cancelar u oponerse al tratamiento que le damos a sus datos personales; derecho que podr\u00e1 hacer valer a trav\u00e9s del \u00e1rea de gerencia general al tel\u00e9fono\u00a081132620, 53793987\u00a0o por medio de su correo electr\u00f3nico\u00a0salonbigben@hotmail.com<\/p>\n<p>Para poder atender en tiempo y forma sus derechos ARCO es necesario que en su petici\u00f3n se\u00f1ale lo siguiente:<\/p>\n<p>\u2013 El nombre de socio titular, no. de acci\u00f3n y su cuenta de correo electr\u00f3nico para comunicarle la respuesta a su solicitud<br \/>\n\u2013 Adjuntar el documento que acredite su identidad como socio titular para las personas f\u00edsicas<br \/>\n\u2013 Adjuntar el documento que acredite su identidad de representante legal para las personas morales<br \/>\n\u2013 La descripci\u00f3n clara y precisa de los datos personales respecto de los que se busca ejercer alguno de los derechos antes mencionados<\/p>\n<p>En caso de no contar con esta especificaci\u00f3n de su parte\u00a0SAL\u00d3N BIG BEN, establecer\u00e1 libremente el canal que considere pertinente para enviar la informaci\u00f3n.<\/p>\n<p>Este aviso de privacidad podr\u00e1 ser modificado por\u00a0Arturo Federico Rabasa Robles, dichas modificaciones ser\u00e1n oportunamente informadas a trav\u00e9s de correo electr\u00f3nico, tel\u00e9fono o cualquier otro medio de comunicaci\u00f3n que se determine para tal efecto.<\/p>\n<h5>\u00daltima actualizaci\u00f3n\u00a012\/Mayo\/2017<\/h5>\n<p>[\/fusion_modal][\/fusion_builder_column][\/fusion_builder_row][\/fusion_builder_container]<\/p>\n","protected":false},"excerpt":{"rendered":"<p>[fusion_builder_container hundred_percent=&#8221;no&#8221; equal_height_columns=&#8221;no&#8221; menu_anchor=&#8221;&#8221; hide_on_mobile=&#8221;small-visibility,medium-visibility,large-visibility&#8221; class=&#8221;&#8221; id=&#8221;&#8221; background_color=&#8221;&#8221; background_image=&#8221;&#8221; background_position=&#8221;center center&#8221; background_repeat=&#8221;no-repeat&#8221; fade=&#8221;no&#8221; background_parallax=&#8221;none&#8221; enable_mobile=&#8221;no&#8221; parallax_speed=&#8221;0.3&#8243; video_mp4=&#8221;&#8221; video_webm=&#8221;&#8221; video_ogv=&#8221;&#8221; video_url=&#8221;&#8221; video_aspect_ratio=&#8221;16:9&#8243; video_loop=&#8221;yes&#8221; video_mute=&#8221;yes&#8221; video_preview_image=&#8221;&#8221; border_size=&#8221;&#8221; border_color=&#8221;&#8221; border_style=&#8221;solid&#8221; margin_top=&#8221;&#8221; margin_bottom=&#8221;&#8221; padding_top=&#8221;&#8221; padding_right=&#8221;&#8221; padding_bottom=&#8221;&#8221; padding_left=&#8221;&#8221;][fusion_builder_row][fusion_builder_column type=&#8221;1_1&#8243; layout=&#8221;1_1&#8243; spacing=&#8221;&#8221; center_content=&#8221;no&#8221; hover_type=&#8221;none&#8221; link=&#8221;&#8221; min_height=&#8221;&#8221; hide_on_mobile=&#8221;small-visibility,medium-visibility,large-visibility&#8221; class=&#8221;&#8221; id=&#8221;&#8221; background_color=&#8221;&#8221; background_image=&#8221;&#8221; background_position=&#8221;left top&#8221; background_repeat=&#8221;no-repeat&#8221; border_size=&#8221;0&#8243; border_color=&#8221;&#8221; border_style=&#8221;solid&#8221; border_position=&#8221;all&#8221; padding=&#8221;&#8221; dimension_margin=&#8221;&#8221; animation_type=&#8221;&#8221;  [&#8230;]<\/p>\n","protected":false},"author":1,"featured_media":0,"parent":0,"menu_order":0,"comment_status":"closed","ping_status":"closed","template":"","meta":{"footnotes":""},"class_list":["post-174","page","type-page","status-publish","hentry"],"_links":{"self":[{"href":"https:\/\/www.salonbigben.com\/mx\/wp-json\/wp\/v2\/pages\/174","targetHints":{"allow":["GET"]}}],"collection":[{"href":"https:\/\/www.salonbigben.com\/mx\/wp-json\/wp\/v2\/pages"}],"about":[{"href":"https:\/\/www.salonbigben.com\/mx\/wp-json\/wp\/v2\/types\/page"}],"author":[{"embeddable":true,"href":"https:\/\/www.salonbigben.com\/mx\/wp-json\/wp\/v2\/users\/1"}],"replies":[{"embeddable":true,"href":"https:\/\/www.salonbigben.com\/mx\/wp-json\/wp\/v2\/comments?post=174"}],"version-history":[{"count":12,"href":"https:\/\/www.salonbigben.com\/mx\/wp-json\/wp\/v2\/pages\/174\/revisions"}],"predecessor-version":[{"id":294,"href":"https:\/\/www.salonbigben.com\/mx\/wp-json\/wp\/v2\/pages\/174\/revisions\/294"}],"wp:attachment":[{"href":"https:\/\/www.salonbigben.com\/mx\/wp-json\/wp\/v2\/media?parent=174"}],"curies":[{"name":"wp","href":"https:\/\/api.w.org\/{rel}","templated":true}]}}